{"id":928,"date":"2026-03-11T11:44:52","date_gmt":"2026-03-11T10:44:52","guid":{"rendered":"https:\/\/pad-mainz.de\/?page_id=928"},"modified":"2026-04-29T11:15:26","modified_gmt":"2026-04-29T09:15:26","slug":"paddie-werden","status":"publish","type":"page","link":"https:\/\/pad-mainz.de\/en\/paddie-werden\/","title":{"rendered":"support pad"},"content":{"rendered":"<div class=\"fusion-fullwidth fullwidth-box fusion-builder-row-1 fusion-flex-container has-pattern-background has-mask-background nonhundred-percent-fullwidth non-hundred-percent-height-scrolling\" style=\"--awb-border-radius-top-left:0px;--awb-border-radius-top-right:0px;--awb-border-radius-bottom-right:0px;--awb-border-radius-bottom-left:0px;--awb-flex-wrap:wrap;\" ><div class=\"fusion-builder-row fusion-row fusion-flex-align-items-flex-start fusion-flex-content-wrap\" style=\"max-width:1248px;margin-left: calc(-4% \/ 2 );margin-right: calc(-4% \/ 2 );\"><div class=\"fusion-layout-column fusion_builder_column fusion-builder-column-0 fusion_builder_column_1_1 1_1 fusion-flex-column\" style=\"--awb-bg-size:cover;--awb-width-large:100%;--awb-margin-top-large:0px;--awb-spacing-right-large:1.92%;--awb-margin-bottom-large:20px;--awb-spacing-left-large:1.92%;--awb-width-medium:100%;--awb-order-medium:0;--awb-spacing-right-medium:1.92%;--awb-spacing-left-medium:1.92%;--awb-width-small:100%;--awb-order-small:0;--awb-spacing-right-small:1.92%;--awb-spacing-left-small:1.92%;\"><div class=\"fusion-column-wrapper fusion-column-has-shadow fusion-flex-justify-content-flex-start fusion-content-layout-column\"><div class=\"fusion-text fusion-text-1\" style=\"--awb-font-size:20px;--awb-text-color:#dbdbdb;--awb-text-font-family:-apple-system, BlinkMacSystemFont, &#039;Segoe UI&#039;, Roboto, Oxygen-Sans, Ubuntu, Cantarell, &#039;Helvetica Neue&#039; ,sans-serif;--awb-text-font-style:normal;--awb-text-font-weight:400;\"><p>Dear pad friends,<\/p>\n<p>The time has finally come: This year, Mainz will welcome the Kulturb\u00e4ckerei, a sociocultural center where many artists, initiatives, and organizations can work together under one roof and create a diverse cultural program.<\/p>\n<p><strong>In diesem gro\u00dfartigen Kulturhaus kann nun auch das pad endlich wieder eine Wirkungsst\u00e4tte in Mainz bekommen, denn f\u00fcr das pad sind in der Kulturb\u00e4ckerei Arbeitsr\u00e4ume zur festen Anmietung vorgesehen! <\/strong><\/p>\n<p><!--StartFragment --><\/p>\n<p class=\"pf0\"><span class=\"cf0\">Um die anfallenden Raumkosten f<\/span>\u00fcr einen Proben- und Arbeitsraum und ein B\u00fcro <span class=\"cf0\">zu finanzieren und trotzdem weiterhin die geplanten Projekte umsetzen zu k\u00f6nnen, braucht das pad voraussichtlich zus\u00e4tzlich zu den \u00f6ffentlichen F\u00f6rdermitteln rund 500 \u20ac monatlich. <\/span><\/p>\n<\/div><div class=\"fusion-text fusion-text-2\" style=\"--awb-font-size:var(--awb-typography2-font-size);--awb-text-color:var(--awb-color5);--awb-text-font-family:-apple-system, BlinkMacSystemFont, &#039;Segoe UI&#039;, Roboto, Oxygen-Sans, Ubuntu, Cantarell, &#039;Helvetica Neue&#039; ,sans-serif;--awb-text-font-style:normal;--awb-text-font-weight:400;\"><p><strong>That is why we are now turning to you. Please help us ensure that the pad in Mainz once again has its own permanent home, so that it can resume its role as a special part of Mainz\u2019s cultural landscape! <\/strong><\/p>\n<p><strong>Every donation, big or small, helps!<br \/>\nWhether it\u2019s \u20ac1, \u20ac5, \u20ac10, \u20ac50, or \u20ac100 a month, 100% of every donation you make goes directly to us and helps cover the rent for YOUR pad. <\/strong><\/p>\n<\/div><a class=\"fusion-modal-text-link\" href=\"#\">\t\t<style>\r\n\t\t#wpsm_progress_b_row_936{\r\n\t    \/*overflow:hidden;*\/\r\n\t    display:block;\r\n\t    width:100%;\r\n\t    border:0px solid #000;\r\n\t    margin-bottom:20px;\r\n        }\r\n\t\t\r\n\t\t<\/style>\r\n\t\t\r\n\t\t<div class=\"wpsm_progress_b_row\" id=\"wpsm_progress_b_row_936\">\r\n\t\t\t<div class=\"row\">\r\n\t\t\t<style>\r\n\r\n#wpsm_progress_b_row_936 .indiCol{    \r\n    position: relative;\r\n    padding-right: 15px;\r\n    padding-left: 15px;\r\n}    \r\n\r\n#wpsm_progress_b_row_936 .wpsm_progress .wpsm_progress-pro-bar {\r\n    background: #e5e5e5;\r\n    margin:5px 0 20px 0;\r\n}\r\n\r\n#wpsm_progress_b_row_936 .wpsm_progress .wpsm_progress-title{\r\n    font-size: 26px;\r\n    font-weight: 300;\r\n\tfont-family: Arial;\r\n    color: #ff0000;\r\n    line-height: 22px;\r\n}\r\n#wpsm_progress_b_row_936 .wpsm_progress .wpsm_progress-value{\r\n    line-height: 22px;\r\n    position: absolute;\r\n    top: 0;\r\n    right: 0;\r\n\tfont-style: normal;\r\n\tfont-size: 26px;\r\n    font-weight: 300;\r\n    color: #ff0000;\r\n}\r\n\r\n#wpsm_progress_b_row_936 .wpsm_progress .wpsm_progress-bar {\r\n\tbackground-color: #dd3333;\r\n    animation: animate-positive 2s;\r\n    height:4px;\r\n}\r\n\r\n@-webkit-keyframes animate-positive{\r\n    0% { width: 0%; }\r\n}\r\n@keyframes animate-positive{\r\n    0% { width: 0%; }\r\n}\r\n\r\n<\/style>\r\n\t\r\n\t\t\t\t<div class=\"col-md-12 col-sm-6 indiCol\">\r\n                \r\n\t\t\t\t <div class=\"wpsm_progress\" >\r\n                <div class=\"wpsm_progress-title\" style=\"\">Unser Ziel: 500 Euro monatlich<\/div>\r\n                <div class=\"wpsm_progress-value\" style=\"\">8%<\/div>\r\n                <div class=\"wpsm_progress-pro-bar\" style=\"\">\r\n                    <div class=\"wpsm_progress-bar wow\" style=\"width:8%; \"><\/div>\r\n                <\/div>\r\n                <\/div>\r\n                   \r\n                <\/div>\r\n\r\n\t\t        \r\n\t\t\t<\/div>\r\n\t\t<\/div>\r\n\t\t\r\n\t\t\r\n\t<\/a><div class=\"fusion-separator fusion-has-icon\" style=\"align-self: center;margin-left: auto;margin-right: auto;width:100%;max-width:400px;\"><div class=\"fusion-separator-border sep-single sep-solid\" style=\"--awb-height:20px;--awb-amount:20px;--awb-sep-color:var(--awb-color7);border-color:var(--awb-color7);border-top-width:2px;\"><\/div><span class=\"icon-wrapper\" style=\"border-color:var(--awb-color7);background-color:rgba(255,255,255,0);font-size:16px;width: 1.75em; height: 1.75em;border-width:2px;padding:2px;margin-top:-1px\"><i class=\"fa-chevron-down fas\" style=\"font-size: inherit;color:var(--awb-color3);\" aria-hidden=\"true\"><\/i><\/span><div class=\"fusion-separator-border sep-single sep-solid\" style=\"--awb-height:20px;--awb-amount:20px;--awb-sep-color:var(--awb-color7);border-color:var(--awb-color7);border-top-width:2px;\"><\/div><\/div><div style=\"text-align:center;\"><a class=\"fusion-button button-flat fusion-button-default-size button-default fusion-button-default button-1 fusion-button-default-span fusion-button-default-type\" style=\"--button_margin-top:30px;\" target=\"_self\" href=\"https:\/\/de.liberapay.com\/pad-mainz\/\"><span class=\"fusion-button-text\">Donate now!<\/span><\/a><\/div><div class=\"fusion-separator fusion-has-icon\" style=\"align-self: center;margin-left: auto;margin-right: auto;margin-top:25px;width:100%;max-width:400px;\"><div class=\"fusion-separator-border sep-single sep-solid\" style=\"--awb-height:20px;--awb-amount:20px;--awb-sep-color:var(--awb-color7);border-color:var(--awb-color7);border-top-width:2px;\"><\/div><span class=\"icon-wrapper\" style=\"border-color:var(--awb-color7);background-color:rgba(255,255,255,0);font-size:16px;width: 1.75em; height: 1.75em;border-width:2px;padding:2px;margin-top:-1px\"><i class=\"fa-chevron-down fas\" style=\"font-size: inherit;color:var(--awb-color3);\" aria-hidden=\"true\"><\/i><\/span><div class=\"fusion-separator-border sep-single sep-solid\" style=\"--awb-height:20px;--awb-amount:20px;--awb-sep-color:var(--awb-color7);border-color:var(--awb-color7);border-top-width:2px;\"><\/div><\/div><div class=\"fusion-text fusion-text-3\" style=\"--awb-font-size:25px;--awb-text-color:var(--awb-color5);\"><p>Wir bedanken uns bei unseren Spendern:<\/p>\n<\/div><ul style=\"--awb-size:21px;--awb-iconcolor:var(--awb-color5);--awb-textcolor:var(--awb-color5);--awb-line-height:35.7px;--awb-icon-width:35.7px;--awb-icon-height:35.7px;--awb-icon-margin:14.7px;--awb-content-margin:50.4px;--awb-circlecolor:var(--awb-color4);--awb-circle-yes-font-size:18.48px;\" class=\"fusion-checklist fusion-checklist-1 fusion-checklist-default type-icons\"><li class=\"fusion-li-item\" style=\"\"><span class=\"icon-wrapper circle-yes\"><i class=\"fusion-li-icon fa-heart fas\" aria-hidden=\"true\"><\/i><\/span><div class=\"fusion-li-item-content\">\n<p>Maxi Z\u00f6llner<\/p>\n<\/div><\/li><li class=\"fusion-li-item\" style=\"\"><span class=\"icon-wrapper circle-yes\"><i class=\"fusion-li-icon fa-heart fas\" aria-hidden=\"true\"><\/i><\/span><div class=\"fusion-li-item-content\">Alice Schmitt<\/div><\/li><li class=\"fusion-li-item\" style=\"\"><span class=\"icon-wrapper circle-yes\"><i class=\"fusion-li-icon fa-heart fas\" aria-hidden=\"true\"><\/i><\/span><div class=\"fusion-li-item-content\">Elke Schulz<\/div><\/li><li class=\"fusion-li-item\" style=\"\"><span class=\"icon-wrapper circle-yes\"><i class=\"fusion-li-icon fa-heart fas\" aria-hidden=\"true\"><\/i><\/span><div class=\"fusion-li-item-content\">Sade Leonte<\/div><\/li><\/ul><\/div><\/div><\/div><\/div>","protected":false},"excerpt":{"rendered":"","protected":false},"author":1,"featured_media":0,"parent":0,"menu_order":0,"comment_status":"closed","ping_status":"closed","template":"","meta":{"_bbp_topic_count":0,"_bbp_reply_count":0,"_bbp_total_topic_count":0,"_bbp_total_reply_count":0,"_bbp_voice_count":0,"_bbp_anonymous_reply_count":0,"_bbp_topic_count_hidden":0,"_bbp_reply_count_hidden":0,"_bbp_forum_subforum_count":0,"_monsterinsights_skip_tracking":false,"_monsterinsights_sitenote_active":false,"_monsterinsights_sitenote_note":"","_monsterinsights_sitenote_category":0,"footnotes":""},"class_list":["post-928","page","type-page","status-publish","hentry"],"_links":{"self":[{"href":"https:\/\/pad-mainz.de\/en\/wp-json\/wp\/v2\/pages\/928","targetHints":{"allow":["GET"]}}],"collection":[{"href":"https:\/\/pad-mainz.de\/en\/wp-json\/wp\/v2\/pages"}],"about":[{"href":"https:\/\/pad-mainz.de\/en\/wp-json\/wp\/v2\/types\/page"}],"author":[{"embeddable":true,"href":"https:\/\/pad-mainz.de\/en\/wp-json\/wp\/v2\/users\/1"}],"replies":[{"embeddable":true,"href":"https:\/\/pad-mainz.de\/en\/wp-json\/wp\/v2\/comments?post=928"}],"version-history":[{"count":18,"href":"https:\/\/pad-mainz.de\/en\/wp-json\/wp\/v2\/pages\/928\/revisions"}],"predecessor-version":[{"id":984,"href":"https:\/\/pad-mainz.de\/en\/wp-json\/wp\/v2\/pages\/928\/revisions\/984"}],"wp:attachment":[{"href":"https:\/\/pad-mainz.de\/en\/wp-json\/wp\/v2\/media?parent=928"}],"curies":[{"name":"wp","href":"https:\/\/api.w.org\/{rel}","templated":true}]}}