{"id":132,"date":"2022-06-07T10:34:42","date_gmt":"2022-06-07T08:34:42","guid":{"rendered":"https:\/\/www.pad-mainz.de\/?page_id=132"},"modified":"2026-04-02T19:29:42","modified_gmt":"2026-04-02T17:29:42","slug":"ueber-uns","status":"publish","type":"page","link":"https:\/\/pad-mainz.de\/en\/ueber-uns\/","title":{"rendered":"about us"},"content":{"rendered":"<div class=\"fusion-fullwidth fullwidth-box fusion-builder-row-1 fusion-flex-container nonhundred-percent-fullwidth non-hundred-percent-height-scrolling\" style=\"--awb-border-radius-top-left:0px;--awb-border-radius-top-right:0px;--awb-border-radius-bottom-right:0px;--awb-border-radius-bottom-left:0px;--awb-flex-wrap:wrap;\" ><div class=\"fusion-builder-row fusion-row fusion-flex-align-items-flex-start fusion-flex-content-wrap\" style=\"max-width:1248px;margin-left: calc(-4% \/ 2 );margin-right: calc(-4% \/ 2 );\"><div class=\"fusion-layout-column fusion_builder_column fusion-builder-column-0 fusion_builder_column_1_1 1_1 fusion-flex-column\" style=\"--awb-bg-blend:overlay;--awb-bg-size:cover;--awb-width-large:100%;--awb-margin-top-large:0px;--awb-spacing-right-large:1.92%;--awb-margin-bottom-large:0px;--awb-spacing-left-large:1.92%;--awb-width-medium:100%;--awb-spacing-right-medium:1.92%;--awb-spacing-left-medium:1.92%;--awb-width-small:100%;--awb-spacing-right-small:1.92%;--awb-spacing-left-small:1.92%;\"><div class=\"fusion-column-wrapper fusion-flex-justify-content-flex-start fusion-content-layout-column\"><div class=\"fusion-text fusion-text-1\"><div class=\"entry-content clearfix\">\n<div class=\"fl-builder-content fl-builder-content-35 fl-builder-content-primary\" data-post-id=\"35\">\n<div class=\"fl-row fl-row-fixed-width fl-row-bg-none fl-node-56af3ee21a67a\" data-node=\"56af3ee21a67a\">\n<div class=\"fl-row-content-wrap\">\n<div class=\"fl-row-content fl-row-fixed-width fl-node-content\">\n<div class=\"fl-col-group fl-node-56b8f62933472\" data-node=\"56b8f62933472\">\n<div class=\"fl-col fl-node-56b8f629337b8 fl-col-small\" data-node=\"56b8f629337b8\">\n<div class=\"fl-col-content fl-node-content\">\n<div class=\"fl-module fl-module-rich-text fl-node-56eae344d6848\" data-node=\"56eae344d6848\">\n<div class=\"fl-module-content fl-node-content\">\n<div class=\"fl-rich-text\">\n<h3><strong>Founding and management team<\/strong><\/h3>\n<\/div>\n<\/div>\n<\/div>\n<div class=\"fl-module fl-module-rich-text fl-node-5b4757668bb0e\" data-node=\"5b4757668bb0e\">\n<div class=\"fl-module-content fl-node-content\">\n<div class=\"fl-rich-text\"><div id=\"attachment_135\" style=\"width: 160px\" class=\"wp-caption alignleft\"><img decoding=\"async\" aria-describedby=\"caption-attachment-135\" class=\"size-full wp-image-135\" src=\"https:\/\/www.pad-mainz.de\/wp-content\/uploads\/2022\/06\/P2032485_SW_gespiegelt2-cut-150x150-1.jpg\" alt=\"Peter Schulz\" width=\"150\" height=\"150\" srcset=\"https:\/\/pad-mainz.de\/wp-content\/uploads\/2022\/06\/P2032485_SW_gespiegelt2-cut-150x150-1-66x66.jpg 66w, https:\/\/pad-mainz.de\/wp-content\/uploads\/2022\/06\/P2032485_SW_gespiegelt2-cut-150x150-1.jpg 150w\" sizes=\"(max-width: 150px) 100vw, 150px\" \/><p id=\"caption-attachment-135\" class=\"wp-caption-text\">peter schulz<\/p><\/div><div id=\"attachment_136\" style=\"width: 160px\" class=\"wp-caption alignright\"><img decoding=\"async\" aria-describedby=\"caption-attachment-136\" class=\"size-full wp-image-136\" src=\"https:\/\/www.pad-mainz.de\/wp-content\/uploads\/2022\/06\/P2032506_SW-150x150-1.jpg\" alt=\"Nic Schmitt\" width=\"150\" height=\"150\" srcset=\"https:\/\/pad-mainz.de\/wp-content\/uploads\/2022\/06\/P2032506_SW-150x150-1-66x66.jpg 66w, https:\/\/pad-mainz.de\/wp-content\/uploads\/2022\/06\/P2032506_SW-150x150-1.jpg 150w\" sizes=\"(max-width: 150px) 100vw, 150px\" \/><p id=\"caption-attachment-136\" class=\"wp-caption-text\">Nic Schmitt<\/p><\/div><\/div>\n<\/div>\n<\/div>\n<div class=\"fl-module fl-module-rich-text fl-node-56b8f6453a5f6\" data-node=\"56b8f6453a5f6\">\n<div class=\"fl-module-content fl-node-content\">\n<div class=\"fl-rich-text\">\n<div data-csstartpoint=\"15\" data-csendpoint=\"445\" data-cswidth=\"44.8%\" data-csid=\"9959f943-9bda-af90-bde9-500a8b1b2eca\">\n<p>Im Oktober 2007 gr\u00fcndeten die beiden studierten Theaterwissenschaftler, Performer und Regisseure das pad als gemeinn\u00fctzigen Verein.<br \/>Erfahrungen in der Theaterorganisation sammelte Nic Schmitt zuvor beim R\u00fcsselsheimer Kultursommer.<br \/>Peter Schulz war mehrere Jahre als Gesch\u00e4ftsf\u00fchrer des Theaterausschusses Leiter der Mainzer Universit\u00e4tsb\u00fchne.<\/p>\n<p>Infos \u00fcber die beiden als K\u00fcnstlerduo Schmitt&amp;Schulz gibt es auf der Homepage <a href=\"http:\/\/www.schmittundschulz.de\" target=\"_blank\" rel=\"noopener\">schmitt&amp;schulz.de<\/a><\/p>\n<\/div>\n<\/div>\n<\/div>\n<\/div>\n<\/div>\n<\/div>\n<div class=\"fl-col fl-node-56b8f62933815 fl-col-small\" data-node=\"56b8f62933815\">\n<div class=\"fl-col-content fl-node-content\">\n<div class=\"fl-module fl-module-rich-text fl-node-56b8f6bf42f76\" data-node=\"56b8f6bf42f76\">\n<div class=\"fl-module-content fl-node-content\">\n<div class=\"fl-rich-text\">\n<div>\n<div data-csstartpoint=\"530\" data-csendpoint=\"945\" data-cswidth=\"43.2%\" data-csid=\"80103d52-eb92-80e6-ae67-49bd57b730be\">\n<p><strong>Other employees<\/strong><\/p>\n<p>Das Leitungsteam wird unterst\u00fctzt durch die Assistenz der k\u00fcnstlerischen Leitung, Lena Wagner, unseren langj\u00e4hrigen Sound- und Video-K\u00fcnstler, Lichttechniker und B\u00fchnentechniker Mo Walker, ehrenamtlichen Helfer*innen sowie durch befristete Mitarbeit von Praktikant*innen, Assistent*innen und verschiedenen Personen f\u00fcr bestimmte Einzelaufgaben.<\/p>\n<\/div>\n<\/div>\n<\/div>\n<\/div>\n<\/div>\n<div class=\"fl-module fl-module-rich-text fl-node-58107c1c295b4\" data-node=\"58107c1c295b4\">\n<div class=\"fl-module-content fl-node-content\">\n<div class=\"fl-rich-text\">\n<p><strong>Join in<br \/><\/strong><\/p>\n<p>Become part of the pad team! If you like what the pad is doing, be there and join in! Contribute to the fact that even more can happen here!<\/p>\n<p>We are always looking for volunteers, helpers and interns... so: become paddy!<\/p>\n<p>Whether to work in the operations office, to organize events (evening duty), to accompany rehearsals as an assistant or observer, or with stage technology, how much, how often and in which area you would like to get involved, whether on a regular basis, daily for a limited period of time or even just to a few individual appointments by arrangement, all of this can be arranged with us depending on your possibilities and your willingness to work.<\/p>\n<p>We look forward to everyone who wants to lend a hand, be there and get involved!<\/p>\n<p>Just write us an email (info@pad-mainz.de)<br \/>oder Whatsapp (01511 0261 411)<\/p>\n<p><em>Your pad team<\/em><\/p>\n<\/div>\n<\/div>\n<\/div>\n<\/div>\n<\/div>\n<\/div>\n<\/div>\n<\/div>\n<\/div>\n<\/div>\n<\/div>\n<\/div><\/div><\/div><\/div><\/div>","protected":false},"excerpt":{"rendered":"","protected":false},"author":1,"featured_media":0,"parent":0,"menu_order":0,"comment_status":"closed","ping_status":"closed","template":"","meta":{"_bbp_topic_count":0,"_bbp_reply_count":0,"_bbp_total_topic_count":0,"_bbp_total_reply_count":0,"_bbp_voice_count":0,"_bbp_anonymous_reply_count":0,"_bbp_topic_count_hidden":0,"_bbp_reply_count_hidden":0,"_bbp_forum_subforum_count":0,"_monsterinsights_skip_tracking":false,"_monsterinsights_sitenote_active":false,"_monsterinsights_sitenote_note":"","_monsterinsights_sitenote_category":0,"footnotes":""},"class_list":["post-132","page","type-page","status-publish","hentry"],"_links":{"self":[{"href":"https:\/\/pad-mainz.de\/en\/wp-json\/wp\/v2\/pages\/132","targetHints":{"allow":["GET"]}}],"collection":[{"href":"https:\/\/pad-mainz.de\/en\/wp-json\/wp\/v2\/pages"}],"about":[{"href":"https:\/\/pad-mainz.de\/en\/wp-json\/wp\/v2\/types\/page"}],"author":[{"embeddable":true,"href":"https:\/\/pad-mainz.de\/en\/wp-json\/wp\/v2\/users\/1"}],"replies":[{"embeddable":true,"href":"https:\/\/pad-mainz.de\/en\/wp-json\/wp\/v2\/comments?post=132"}],"version-history":[{"count":10,"href":"https:\/\/pad-mainz.de\/en\/wp-json\/wp\/v2\/pages\/132\/revisions"}],"predecessor-version":[{"id":942,"href":"https:\/\/pad-mainz.de\/en\/wp-json\/wp\/v2\/pages\/132\/revisions\/942"}],"wp:attachment":[{"href":"https:\/\/pad-mainz.de\/en\/wp-json\/wp\/v2\/media?parent=132"}],"curies":[{"name":"wp","href":"https:\/\/api.w.org\/{rel}","templated":true}]}}